{"id":359,"date":"2021-12-11T19:03:31","date_gmt":"2021-12-11T18:03:31","guid":{"rendered":"https:\/\/fu-kreisverband-dingolfing-landau.de\/?page_id=359"},"modified":"2023-05-11T18:28:17","modified_gmt":"2023-05-11T16:28:17","slug":"gruess-gott-bei-der-frauen-union-im-landkreis-dingolfing-landau","status":"publish","type":"page","link":"https:\/\/fu-kreisverband-dingolfing-landau.de\/","title":{"rendered":"Gr\u00fc\u00df Gott bei der Frauen-Union im Landkreis Dingolfing-Landau"},"content":{"rendered":"\n<p>Hier sind Sie richtig,<br>wenn Sie an ein Netzwerk politisch interessierter Frauen ankn\u00fcpfen m\u00f6chten!<br>wenn Sie Kontakt zu politisch engagierten Frauen suchen!<br>wenn Sie sich selber politisch einbringen wollen!<\/p>\n\n\n\n<p>Unser FU-Kreisverband umfasst 341 Mitglieder (Stand 31.12.2022) in acht Ortsverb\u00e4nden.<br>Als Arbeitsgemeinschaft der CSU verstehen wir Politik und Gesellschaft aus einem christlich-sozialen Verst\u00e4ndnis heraus. Politik geht uns alle an \u2013 M\u00e4nner und Frauen!<br>Unser Ziel ist es, den Einfluss von Frauen auf die Politik und in der Politik zu st\u00e4rken.<br>Aus unserer vielf\u00e4ltigen Lebenserfahrung heraus wollen wir die \u201eweibliche Sicht der Dinge\u201c in die Politik einbringen!<br>Auf diesen Seiten finden Sie alle wichtigen Informationen zu unseren Veranstaltungen, Mandatstr\u00e4gern und der Arbeit im Kreisverband.<br>Machen Sie mit bei uns!<\/p>\n\n\n\n<p>Andrea Fitz<br>FU-Kreisvorsitzende<\/p>\n\n\n\n<p><meta charset=\"utf-8\">Kontakt: <a href=\"mailto:info@fu-kreisverband-dingolfing-landau.de\">info@fu-kreisverband-dingolfing-landau.de<\/a><\/p>\n","protected":false},"excerpt":{"rendered":"<p>Hier sind Sie richtig,wenn Sie an ein Netzwerk politisch interessierter Frauen ankn\u00fcpfen m\u00f6chten!wenn Sie Kontakt zu politisch engagierten Frauen suchen!wenn Sie sich selber politisch einbringen wollen! Unser FU-Kreisverband umfasst 341 Mitglieder (Stand 31.12.2022) in acht Ortsverb\u00e4nden.Als Arbeitsgemeinschaft der CSU verstehen wir Politik und Gesellschaft aus einem christlich-sozialen Verst\u00e4ndnis heraus. Politik geht uns alle an \u2013 &#8230; <a title=\"Gr\u00fc\u00df Gott bei der Frauen-Union im Landkreis Dingolfing-Landau\" class=\"read-more\" href=\"https:\/\/fu-kreisverband-dingolfing-landau.de\/\" aria-label=\"Mehr Informationen \u00fcber Gr\u00fc\u00df Gott bei der Frauen-Union im Landkreis Dingolfing-Landau\">Weiterlesen<\/a><\/p>\n","protected":false},"author":1,"featured_media":0,"parent":0,"menu_order":0,"comment_status":"closed","ping_status":"closed","template":"","meta":{"footnotes":""},"class_list":["post-359","page","type-page","status-publish"],"_links":{"self":[{"href":"https:\/\/fu-kreisverband-dingolfing-landau.de\/index.php?rest_route=\/wp\/v2\/pages\/359","targetHints":{"allow":["GET"]}}],"collection":[{"href":"https:\/\/fu-kreisverband-dingolfing-landau.de\/index.php?rest_route=\/wp\/v2\/pages"}],"about":[{"href":"https:\/\/fu-kreisverband-dingolfing-landau.de\/index.php?rest_route=\/wp\/v2\/types\/page"}],"author":[{"embeddable":true,"href":"https:\/\/fu-kreisverband-dingolfing-landau.de\/index.php?rest_route=\/wp\/v2\/users\/1"}],"replies":[{"embeddable":true,"href":"https:\/\/fu-kreisverband-dingolfing-landau.de\/index.php?rest_route=%2Fwp%2Fv2%2Fcomments&post=359"}],"version-history":[{"count":0,"href":"https:\/\/fu-kreisverband-dingolfing-landau.de\/index.php?rest_route=\/wp\/v2\/pages\/359\/revisions"}],"wp:attachment":[{"href":"https:\/\/fu-kreisverband-dingolfing-landau.de\/index.php?rest_route=%2Fwp%2Fv2%2Fmedia&parent=359"}],"curies":[{"name":"wp","href":"https:\/\/api.w.org\/{rel}","templated":true}]}}