{"id":77,"date":"2021-09-19T18:47:14","date_gmt":"2021-09-19T16:47:14","guid":{"rendered":"https:\/\/fu-kreisverband-dingolfing-landau.de\/?page_id=77"},"modified":"2021-11-27T11:01:39","modified_gmt":"2021-11-27T10:01:39","slug":"unsere-region","status":"publish","type":"page","link":"https:\/\/fu-kreisverband-dingolfing-landau.de\/?page_id=77","title":{"rendered":"Unsere Region"},"content":{"rendered":"\n<figure class=\"wp-block-gallery aligncenter columns-1 wp-block-gallery-1 is-layout-flex wp-block-gallery-is-layout-flex\"><ul class=\"blocks-gallery-grid\"><li class=\"blocks-gallery-item\"><figure><img loading=\"lazy\" decoding=\"async\" width=\"139\" height=\"162\" src=\"https:\/\/fu-kreisverband-dingolfing-landau.de\/wp-content\/uploads\/2021\/11\/Wappen-DGF-La.jpg\" alt=\"\" data-id=\"245\" data-full-url=\"https:\/\/fu-kreisverband-dingolfing-landau.de\/wp-content\/uploads\/2021\/11\/Wappen-DGF-La.jpg\" data-link=\"https:\/\/fu-kreisverband-dingolfing-landau.de\/?attachment_id=245#main\" class=\"wp-image-245\"\/><\/figure><\/li><\/ul><\/figure>\n\n\n\n<p><strong>Im Landkreis Dingolfing-Landau<\/strong> ist High-Tech seit altersher zu Hause. Vor 7 000 Jahren bauten Menschen der ausgehenden Steinzeit auf die Isarh\u00f6hen in Kothingeichendorf bei Landau die \u00e4lteste heute bekannte astronomische Gro\u00dfanlage der Welt, heute steht in Dingolfing die von amerikanischen Experten pr\u00e4mierte &#8222;weltbeste Automobilfabrik des Jahres 1998&#8220;, das BMW-Werk.<\/p>\n\n\n\n<p>Trotz der indistruellen Dominanz charakterisiert das Etikett &#8222;Industrielandkreis&#8220; den Landkreis nur unzutreffend. Das Landschaftsbild ist gepr\u00e4gt vom niederbayerischen H\u00fcgelland und von gr\u00fcnen, weiten T\u00e4lern (Isar, Vils, Aitrach). Nummer eins in Deutschland ist der Landkreis beim Feldgem\u00fcseanbau (Gurken, Kohl, Wirsing und Kraut),<\/p>\n\n\n\n<p>Der Landkreis hat eine Fl\u00e4che von 878 qkm, <strong>97.811<\/strong>&nbsp;Einwohner (Stand: 30.06.2021, Basis Zensus 2011) wohnen in 15 St\u00e4dten, M\u00e4rkten und Gemeinden.<\/p>\n\n\n\n<p class=\"has-medium-font-size\"><strong>Seit Mai 2020 ist Werner Bumeder, CSU, Landrat des Landkreises Dingolfing-Landau<\/strong><\/p>\n\n\n\n<h3 class=\"has-normal-font-size wp-block-heading\"><strong>Einwohnerzahlen&nbsp;im Landkreis Dingolfing-Landau<\/strong> (Stand: 30.06.2021)<br>(Basis Zensus 2011)<\/h3>\n\n\n\n<figure class=\"wp-block-table\"><table><tbody><tr><td><strong>St\u00e4dte<\/strong><\/td><td><br><\/td><\/tr><tr><td>Dingolfing<\/td><td>20.110<\/td><\/tr><tr><td>Landau a.d.Isar<\/td><td>13.909<\/td><\/tr><tr><td><strong>M\u00e4rkte<\/strong><\/td><td><br><\/td><\/tr><tr><td>Eichendorf<\/td><td>6.585<\/td><\/tr><tr><td>Frontenhausen<\/td><td>4.678<\/td><\/tr><tr><td>Pilsting<\/td><td>6.798<\/td><\/tr><tr><td>Reisbach<\/td><td>7.856<\/td><\/tr><tr><td>Simbach<\/td><td>4.100<\/td><\/tr><tr><td>Wallersdorf<\/td><td>7.169<\/td><\/tr><tr><td><strong>Gemeinden<\/strong><\/td><td><br><\/td><\/tr><tr><td>Gottfrieding<\/td><td>2.132<\/td><\/tr><tr><td>Loiching<\/td><td>3.692<\/td><\/tr><tr><td>Mamming<\/td><td>3.322<\/td><\/tr><tr><td>Marklkofen<\/td><td>3.771<\/td><\/tr><tr><td>Mengkofen<\/td><td>6.068<\/td><\/tr><tr><td>Moosthenning<\/td><td>4.958<\/td><\/tr><tr><td>Niederviehbach<\/td><td>2.663<\/td><\/tr><tr><td><strong>Summe<\/strong><\/td><td><strong>97.811<\/strong><\/td><\/tr><\/tbody><\/table><\/figure>\n\n\n\n<p>&nbsp;<strong>Wirtschaftliche Struktur:<\/strong><\/p>\n\n\n\n<p>Die Arbeitslosenquote im Landkreis ist mit rd. 2,2 Prozent (Stand Oktober 2021) relativ niedrig. Das dominierende Unternehmen ist das BMW-Werk in Dingolfing mit rund 17.000 Mitarbeitern.. Die gr\u00f6\u00dften Industrie- und Handwerksbetriebe nach Besch\u00e4ftigtenzahlen sind nach BMW in Dingolfing die Firmen Mann und Hummel in Marklkofen, ELDRA GmbH und Einhell Germany AG in Landau, K\u00fchne + Nagel, Develey Senf und Feinkost GmbH sowie SAR Elektronic GmbH in Dingolfing, Girnghuber GmbH in Marklkofen und Brandl Stefan, Industrielackierung in Mamming,<\/p>\n\n\n\n<p>Im l\u00e4ndlich strukturierten Gebiet spielt die Landwirtschaft eine gro\u00dfe Rolle. Mit der landwirtschaftlichen Produktion besch\u00e4ftigen sich 8000 individuelle Landwirtschaftsbetriebe mit einer durchschnittlichen Fl\u00e4che von \u00fcber 11 ha. Haupts\u00e4chlich werden Getreide und Kartoffeln angebaut, bei der Tierproduktion \u00fcberwiegen die Viehzucht und Schweinehaltung. Au\u00dferdem besteht hier das gr\u00f6\u00dfte Gurkenanbaugebiet Europas.<\/p>\n\n\n\n<p><strong>Naturschutz:<\/strong><\/p>\n\n\n\n<p>Mit zwei Millionenprojekten hat der Landkreis in den vergangenen Jahren im Naturschutz deutliche Akzente gesetzt. Dies gilt insbesondere f\u00fcr das EU-LIFE-Projekt im unteren Isartal sowie das BayernNetzNatur-Projekt &#8222;Lebendiges K\u00f6nigsauer Moos&#8220;.<\/p>\n\n\n\n<p><strong>Einrichtungen im Landkreis:<\/strong><\/p>\n\n\n\n<p>Der Landkreis Dingolfing-Landau betreibt mit dem Landkreis Deggendorf ein gemeinsames Kommunalunternehmen mit den Klinikstandorten Deggendorf, Dingolfing und Landau an der Isar.<\/p>\n\n\n\n<p>Das Kreisklinikum unterh\u00e4lt gegenw\u00e4rtig an jedem Standort je vier Hauptabteilungen und insgesamt f\u00fcnf Belegabteilungen, in denen niedergelassene Fach\u00e4rzte operativ t\u00e4tig sind.<br>Dingolfing Landau<br>Chirurgie 50 64<br>Innere Medizin 68 81<br>Geburtshilfe 10 10<br>Gyn\u00e4kologie 12 13<br>An\u00e4sthesie<br>Orthop\u00e4die 15<br>Urologie 15<br>Hals, Nasen, Ohren 15 1<br>Augen 1<br>Insgesamt 170 185<\/p>\n\n\n\n<p>Der Landkreis ist Tr\u00e4ger von zwei Senioren- und Pflegeheimen in Reisbach und Mengkofen.<\/p>\n\n\n\n<p>Im gesamten Landkreis sorgen 39 Kindertagest\u00e4tten f\u00fcr optimale Betreuung der Kleinen. Im Volksschulbereich gibt es 15 Grundschulen, von denen eine Schule privat gef\u00fchrt wird und die beiden Mittelschulverb\u00e4nde Dingolfing und Landau mit 10 Standorten, von denen einer landkreis\u00fcbergreifend ist. Von zwei der drei Realschulen und von beiden Gymnasien ist der Kreis der Tr\u00e4ger, eine Realschule ist privat. Ebenso betreibt der Landkreis zwei F\u00f6rderschulen und eine Berufschule mit zwei Standorten. Des Weiteren gibt es die Lebenshilfe-Schule und die Landwirtschaftsschule in Landau. &nbsp;<\/p>\n\n\n\n<p><strong>Kultur und Freizeit:<\/strong><\/p>\n\n\n\n<p>G\u00e4sten und Besuchern wird ein hoher Freizeit- und Erholungswert geboten. Ein touristischer Schwerpunkt ist der Fahrradtourismus durch besonders familienfreundliche Radwege an Isar-, Vils- und dem Bockerlbahnradweg. Zus\u00e4tzlich bietet das Naherholungsgebiet Mittleres Vilstal mit den drei Gemeinden Frontenhausen, Marklkofen und Reisbach Erholung und Freizeit rund um den Vilstalsee.<\/p>\n\n\n\n<p>Im Bayernpark erwarten die Besucher die neuesten Fahrgesch\u00e4fte und Attraktionen auf einer Fl\u00e4che von 400 000 qm. &nbsp;<\/p>\n\n\n\n<p>Das Freizeitbad Caprima in Dingolfing sorgt f\u00fcr ganzj\u00e4hrige Badefreuden.<\/p>\n\n\n\n<p>Der Landkreis richtete 1985 eine eigene Kreisarch\u00e4ologie ein. Die Palette der ausgegrabenen Exponate reicht von der \u00e4ltesten Zeichnung Bayerns &#8211; eine auf einem St\u00fcck Sto\u00dfzahn eingeritzte Abbildung eines Mammuts &#8211; bis zum aus kupferzeitlichen Gr\u00e4bern stammenden \u00e4ltesten Gold Deutschlands (4200 Jahre alt). Bei Aufhausen wurde die ber\u00fchmte Venusfigur gefunden, die ca. 6000 Jahre alt ist. Die Kultpl\u00e4tze in Kothingeichendorf und Meisternthal haben europ\u00e4ischen Rang und entstanden 2000 Jahre vor Stonehenge.<\/p>\n\n\n\n<p>Das Niederbayerische Arch\u00e4ologiemuseum in Landau, ein Zweigmuseum der pr\u00e4historichen Staatssammlung in M\u00fcnchen, zeigt die Exponate aus der Region. Als erstes volldigitalisiertes Museum und Schwerpunkt f\u00fcr experimentelle Arch\u00e4ologie erhielt es 1997 den Europ\u00e4ischen Museumspreis.&nbsp;<\/p>\n\n\n\n<p>Der wirtschaftliche Aufschwung der Region h\u00e4ngt stark mit dem Auto zusammen. Die Firma Glas und Lohr begann 1908 in Dingolflng mit der Produktion von S\u00e4maschinen und fertigte 1955 mit dem legend\u00e4ren Goggomobil das erste Auto in Dingolfing. 1967 \u00fcbernahm die BMW AG das Werk und baute Dingolfing zu seinem gr\u00f6\u00dften Produktionsstandort aus. Diesem Thema sowie der Stadtgeschichte und Arch\u00e4ologie widmet sich seit 2008 das Museum Dingolfing. In einem geschlossenen mittelalterlichen Geb\u00e4udekomplex, bestehend aus Kastenhof, Pfleghof, Getreidekasten und historischer Stadtmauer mit Stadtturm, wird die au\u00dfergew\u00f6hnliche Geschichte der Stadt von den Anf\u00e4ngen bis zur Gegenwart vermittelt.<\/p>\n","protected":false},"excerpt":{"rendered":"<p>Im Landkreis Dingolfing-Landau ist High-Tech seit altersher zu Hause. Vor 7 000 Jahren bauten Menschen der ausgehenden Steinzeit auf die Isarh\u00f6hen in Kothingeichendorf bei Landau die \u00e4lteste heute bekannte astronomische Gro\u00dfanlage der Welt, heute steht in Dingolfing die von amerikanischen Experten pr\u00e4mierte &#8222;weltbeste Automobilfabrik des Jahres 1998&#8220;, das BMW-Werk. Trotz der indistruellen Dominanz charakterisiert das &#8230; <a title=\"Unsere Region\" class=\"read-more\" href=\"https:\/\/fu-kreisverband-dingolfing-landau.de\/?page_id=77\" aria-label=\"Mehr Informationen \u00fcber Unsere Region\">Weiterlesen<\/a><\/p>\n","protected":false},"author":1,"featured_media":0,"parent":0,"menu_order":0,"comment_status":"closed","ping_status":"closed","template":"","meta":{"footnotes":""},"class_list":["post-77","page","type-page","status-publish"],"_links":{"self":[{"href":"https:\/\/fu-kreisverband-dingolfing-landau.de\/index.php?rest_route=\/wp\/v2\/pages\/77","targetHints":{"allow":["GET"]}}],"collection":[{"href":"https:\/\/fu-kreisverband-dingolfing-landau.de\/index.php?rest_route=\/wp\/v2\/pages"}],"about":[{"href":"https:\/\/fu-kreisverband-dingolfing-landau.de\/index.php?rest_route=\/wp\/v2\/types\/page"}],"author":[{"embeddable":true,"href":"https:\/\/fu-kreisverband-dingolfing-landau.de\/index.php?rest_route=\/wp\/v2\/users\/1"}],"replies":[{"embeddable":true,"href":"https:\/\/fu-kreisverband-dingolfing-landau.de\/index.php?rest_route=%2Fwp%2Fv2%2Fcomments&post=77"}],"version-history":[{"count":0,"href":"https:\/\/fu-kreisverband-dingolfing-landau.de\/index.php?rest_route=\/wp\/v2\/pages\/77\/revisions"}],"wp:attachment":[{"href":"https:\/\/fu-kreisverband-dingolfing-landau.de\/index.php?rest_route=%2Fwp%2Fv2%2Fmedia&parent=77"}],"curies":[{"name":"wp","href":"https:\/\/api.w.org\/{rel}","templated":true}]}}